{"id":60,"date":"2023-08-22T08:31:48","date_gmt":"2023-08-22T08:31:48","guid":{"rendered":"https:\/\/tietu.fi\/?page_id=60"},"modified":"2023-09-11T12:54:38","modified_gmt":"2023-09-11T12:54:38","slug":"fc-tietu","status":"publish","type":"page","link":"https:\/\/tietu.fi\/index.php\/fc-tietu\/","title":{"rendered":"FC-Tietu"},"content":{"rendered":"\n<p class=\"has-text-align-center\"><strong>FC-Tietu &#8211; Jalkapallo sosiaalisen ja toiminnallisen kuntoutuksen menetelm\u00e4n\u00e4<\/strong><\/p>\n\n\n<div class=\"wp-block-image\">\n<figure class=\"aligncenter size-full is-resized\"><img loading=\"lazy\" decoding=\"async\" src=\"https:\/\/tietu.fi\/wp-content\/uploads\/2023\/08\/wp_ss_20160211_0001.jpg\" alt=\"\" class=\"wp-image-66\" style=\"width:390px;height:335px\" width=\"390\" height=\"335\" srcset=\"https:\/\/tietu.fi\/wp-content\/uploads\/2023\/08\/wp_ss_20160211_0001.jpg 881w, https:\/\/tietu.fi\/wp-content\/uploads\/2023\/08\/wp_ss_20160211_0001-300x257.jpg 300w, https:\/\/tietu.fi\/wp-content\/uploads\/2023\/08\/wp_ss_20160211_0001-768x659.jpg 768w\" sizes=\"auto, (max-width: 390px) 100vw, 390px\" \/><\/figure>\n<\/div>\n\n\n<p class=\"has-text-align-center\">FC-Tietu on Tietu ry:n asiakkaista ja aktiiveista koostuva p\u00e4ihteet\u00f6n<br>jalkapallojoukkue. <br>FC-Tietun tavoitteena on toteuttaa sosiaalista ja<br>toiminnallista kuntoutusta jalkapallon avulla.<\/p>\n\n\n\n<p class=\"has-text-align-center\"><strong>Toiminnan perustana Homeless Academy ry<\/strong><\/p>\n\n\n\n<p class=\"has-text-align-center\">FC-Tietun toiminta perustuu Homeless Academy ry:n sosiaalisen ja toiminnallisen kuntoutuksen<br>menetelmiin.<br><\/p>\n\n\n\n<p class=\"has-text-align-center\">Homeless Academy tukee, kehitt\u00e4\u00e4 ja yll\u00e4pit\u00e4\u00e4 asunnottomien ja<br>p\u00e4ihdekuntoutujien jalkapallotoimintaa Suomessa ja vastaa asunnottomien jalkapallotoiminnan maajoukkuetoiminnasta Suomessa. <br>Homeless Academy Ry:n koordinoi asunnottomien jalkapallotoimintaa valtakunnallisesti, ja Suomikin on osallistunut vuosittain Homeless word cup maailmanmestaruuskilpailuihin.<\/p>\n\n\n\n<p class=\"has-text-align-center\"><br><\/p>\n\n\n\n<p class=\"has-text-align-center\"><strong>Kenelle?<\/strong><br>FC-Tietun toiminta koostuu Tietu ry:n asiakkaista ja aktiiveista;<br>Oman toipumiskokemuksen omaavista vertaisista, riippuvuuksiin<br>sairastuneista, vankilasta vapautuneista, toipumiseen ja<br>el\u00e4m\u00e4ntapamuutokseen pyrkivist\u00e4, t\u00e4ysi-ik\u00e4isist\u00e4 miehist\u00e4 ja<br>naisista.<\/p>\n\n\n\n<figure class=\"wp-block-image size-full\"><img loading=\"lazy\" decoding=\"async\" width=\"632\" height=\"422\" src=\"https:\/\/tietu.fi\/wp-content\/uploads\/2023\/09\/male-football-player-hits-the-ball-on-the-field-2021-08-26-16-27-14-utc.jpg\" alt=\"\" class=\"wp-image-101\" srcset=\"https:\/\/tietu.fi\/wp-content\/uploads\/2023\/09\/male-football-player-hits-the-ball-on-the-field-2021-08-26-16-27-14-utc.jpg 632w, https:\/\/tietu.fi\/wp-content\/uploads\/2023\/09\/male-football-player-hits-the-ball-on-the-field-2021-08-26-16-27-14-utc-300x200.jpg 300w\" sizes=\"auto, (max-width: 632px) 100vw, 632px\" \/><\/figure>\n\n\n\n<p class=\"has-text-align-center\"><strong>Mit\u00e4 pelaajat hy\u00f6tyv\u00e4t toiminnasta?<\/strong><\/p>\n\n\n\n<p class=\"has-text-align-right\"><br>&#8211; mulle toiminta on tuonut sitoutumista, sit\u00e4,<br>ett\u00e4 m\u00e4 oon oppinu pit\u00e4\u00e4 kii sovituista asioista<br>\u2013nii ja raittiit yst\u00e4v\u00e4t<\/p>\n\n\n\n<p class=\"has-text-align-right\"> \u2013 t\u00e4\u00e4 on oikeesti tuonu mulle sellasen onnistumisen kokemuksen, et<br>m\u00e4ki oikeesti pystyn el\u00e4m\u00e4\u00e4n normaalia el\u00e4m\u00e4\u00e4  \u2013Mies 46v , p\u00e4ihde- ja<br>vankilakierteess\u00e4 32 vuotta<\/p>\n\n\n\n<p class=\"has-text-align-right\">&#8211; nii\u2019i \u2013mit\u00e4 m\u00e4 oon siit\u00e4 saanu?  \u2013No siihe sosiaalisuuteen t\u00e4\u00e4 on ollu iso juttu; ku en<br>pystyny kommunikoimaan ihmisten kanssa \u2013ni nyt pystyny \u2013 siihen se pallo on auttanu<br><\/p>\n\n\n\n<p class=\"has-text-align-right\">\u2013saanu niit onnistumisia siell\u00e4, ep\u00e4miellytt\u00e4vi\u00e4 tunteita oppinu<br>kohtaamaan, ja niit\u00e4 onnistumisia. <\/p>\n\n\n\n<p class=\"has-text-align-right\">&#8211; pelannu<br>joskus junnuna jalkapalloa, ni saanu pallon takas nyt, ja nyt alotin sit pelaamaan tuol ulkopuolellaki -mies 25v, p\u00e4ihdekierteess\u00e4 10 vuotta<br><\/p>\n\n\n\n<p class=\"has-text-align-center\"><strong>Sitoutuminen \u2192 sovitut aikataulut<br><\/strong><\/p>\n\n\n\n<p class=\"has-text-align-center\"><strong>Sosiaalisten suhteiden vahvistuminen \u2192 vuorovaikutustaitojen kehittyminen<br><\/strong><\/p>\n\n\n\n<p class=\"has-text-align-center\"><strong>Onnistumisen kokemukset \u2192 rohkeus ja itseluottamus lis\u00e4\u00e4ntyv\u00e4t<br><\/strong><\/p>\n\n\n\n<p class=\"has-text-align-center\"><strong>Henkil\u00f6 kuuluu johonkin ryhm\u00e4\u00e4n \u2192 yhteis\u00f6llisyys<\/strong><br><\/p>\n\n\n\n<p class=\"has-text-align-center\"><strong>Vertaistuki \u2192 usko omaan toipumiseen vahvistuu<br><\/strong><\/p>\n\n\n\n<p class=\"has-text-align-center\"><strong>S\u00e4\u00e4nt\u00f6jen ja rajojen oppiminen turvallisessa ymp\u00e4rist\u00f6ss\u00e4<\/strong><\/p>\n\n\n\n<figure class=\"wp-block-image size-large\"><img loading=\"lazy\" decoding=\"async\" width=\"1024\" height=\"683\" src=\"https:\/\/tietu.fi\/wp-content\/uploads\/2023\/09\/soccer-balls-on-football-pitch-2021-08-28-03-06-05-utc-1024x683.jpg\" alt=\"\" class=\"wp-image-102\" srcset=\"https:\/\/tietu.fi\/wp-content\/uploads\/2023\/09\/soccer-balls-on-football-pitch-2021-08-28-03-06-05-utc-1024x683.jpg 1024w, https:\/\/tietu.fi\/wp-content\/uploads\/2023\/09\/soccer-balls-on-football-pitch-2021-08-28-03-06-05-utc-300x200.jpg 300w, https:\/\/tietu.fi\/wp-content\/uploads\/2023\/09\/soccer-balls-on-football-pitch-2021-08-28-03-06-05-utc-768x512.jpg 768w, https:\/\/tietu.fi\/wp-content\/uploads\/2023\/09\/soccer-balls-on-football-pitch-2021-08-28-03-06-05-utc-1536x1024.jpg 1536w, https:\/\/tietu.fi\/wp-content\/uploads\/2023\/09\/soccer-balls-on-football-pitch-2021-08-28-03-06-05-utc-2048x1365.jpg 2048w, https:\/\/tietu.fi\/wp-content\/uploads\/2023\/09\/soccer-balls-on-football-pitch-2021-08-28-03-06-05-utc-1200x800.jpg 1200w, https:\/\/tietu.fi\/wp-content\/uploads\/2023\/09\/soccer-balls-on-football-pitch-2021-08-28-03-06-05-utc-1980x1320.jpg 1980w\" sizes=\"auto, (max-width: 1024px) 100vw, 1024px\" \/><\/figure>\n","protected":false},"excerpt":{"rendered":"<p>FC-Tietu &#8211; Jalkapallo sosiaalisen ja toiminnallisen kuntoutuksen menetelm\u00e4n\u00e4 FC-Tietu on Tietu ry:n asiakkaista ja aktiiveista koostuva p\u00e4ihteet\u00f6njalkapallojoukkue. FC-Tietun tavoitteena on toteuttaa sosiaalista jatoiminnallista kuntoutusta jalkapallon avulla. Toiminnan perustana Homeless Academy ry FC-Tietun toiminta perustuu Homeless Academy ry:n sosiaalisen ja toiminnallisen kuntoutuksenmenetelmiin. Homeless Academy tukee, kehitt\u00e4\u00e4 ja yll\u00e4pit\u00e4\u00e4 asunnottomien jap\u00e4ihdekuntoutujien jalkapallotoimintaa Suomessa ja vastaa asunnottomien jalkapallotoiminnan [&hellip;]<\/p>\n","protected":false},"author":1,"featured_media":0,"parent":0,"menu_order":0,"comment_status":"closed","ping_status":"closed","template":"","meta":{"footnotes":""},"class_list":["post-60","page","type-page","status-publish","hentry"],"_links":{"self":[{"href":"https:\/\/tietu.fi\/index.php\/wp-json\/wp\/v2\/pages\/60","targetHints":{"allow":["GET"]}}],"collection":[{"href":"https:\/\/tietu.fi\/index.php\/wp-json\/wp\/v2\/pages"}],"about":[{"href":"https:\/\/tietu.fi\/index.php\/wp-json\/wp\/v2\/types\/page"}],"author":[{"embeddable":true,"href":"https:\/\/tietu.fi\/index.php\/wp-json\/wp\/v2\/users\/1"}],"replies":[{"embeddable":true,"href":"https:\/\/tietu.fi\/index.php\/wp-json\/wp\/v2\/comments?post=60"}],"version-history":[{"count":8,"href":"https:\/\/tietu.fi\/index.php\/wp-json\/wp\/v2\/pages\/60\/revisions"}],"predecessor-version":[{"id":103,"href":"https:\/\/tietu.fi\/index.php\/wp-json\/wp\/v2\/pages\/60\/revisions\/103"}],"wp:attachment":[{"href":"https:\/\/tietu.fi\/index.php\/wp-json\/wp\/v2\/media?parent=60"}],"curies":[{"name":"wp","href":"https:\/\/api.w.org\/{rel}","templated":true}]}}