{"id":16,"date":"2023-08-22T07:06:01","date_gmt":"2023-08-22T07:06:01","guid":{"rendered":"https:\/\/tietu.fi\/?page_id=16"},"modified":"2023-09-11T12:58:10","modified_gmt":"2023-09-11T12:58:10","slug":"tietoja","status":"publish","type":"page","link":"https:\/\/tietu.fi\/","title":{"rendered":"Tietu ry"},"content":{"rendered":"\n<p class=\"has-text-align-center\"><strong>Tietu ry &#8211; tietoa ja tukea riippuvuuksiin<\/strong><\/p>\n\n\n\n<figure class=\"wp-block-image size-large\"><img loading=\"lazy\" decoding=\"async\" width=\"1024\" height=\"682\" src=\"https:\/\/tietu.fi\/wp-content\/uploads\/2023\/09\/coffee-3737141_12801-1024x682.jpg\" alt=\"\" class=\"wp-image-97\" srcset=\"https:\/\/tietu.fi\/wp-content\/uploads\/2023\/09\/coffee-3737141_12801-1024x682.jpg 1024w, https:\/\/tietu.fi\/wp-content\/uploads\/2023\/09\/coffee-3737141_12801-300x200.jpg 300w, https:\/\/tietu.fi\/wp-content\/uploads\/2023\/09\/coffee-3737141_12801-768x512.jpg 768w, https:\/\/tietu.fi\/wp-content\/uploads\/2023\/09\/coffee-3737141_12801-1200x800.jpg 1200w, https:\/\/tietu.fi\/wp-content\/uploads\/2023\/09\/coffee-3737141_12801.jpg 1280w\" sizes=\"auto, (max-width: 1024px) 100vw, 1024px\" \/><\/figure>\n\n\n\n<p class=\"has-text-align-center\"><strong>Tietu on poliittisista puolueista ja uskonnoista riippumaton yhdistys, jonka tarkoituksena on auttaa p\u00e4ihteiden k\u00e4ytt\u00e4ji\u00e4 p\u00e4\u00e4sem\u00e4\u00e4n irti, ja entisi\u00e4 k\u00e4ytt\u00e4ji\u00e4 pysym\u00e4\u00e4n erossa p\u00e4ihteist\u00e4<\/strong>. <\/p>\n\n\n\n<p class=\"has-text-align-center\">Tietun toiminnan perusidea on luoda ja s\u00e4ilytt\u00e4\u00e4 kontakti p\u00e4ihderiippuvaiseen. Toimintaan kuuluu tukiverkostojen luominen, tukihenkil\u00f6toiminta sek\u00e4 vertaisryhm\u00e4t. Yhdistyksen tavoitteena on luoda toimintamalleja, joita jatkuvasti kehitt\u00e4m\u00e4ll\u00e4 asiakkaita voidaan parhaiten palvella ja auttaa pyrkimyksiss\u00e4\u00e4n p\u00e4ihteett\u00f6m\u00e4\u00e4n el\u00e4m\u00e4\u00e4n.<\/p>\n\n\n<div class=\"wp-block-image\">\n<figure class=\"aligncenter size-large is-resized\"><img loading=\"lazy\" decoding=\"async\" src=\"https:\/\/tietu.fi\/wp-content\/uploads\/2023\/09\/sky-717631_1280-751x1024.jpg\" alt=\"\" class=\"wp-image-95\" style=\"width:496px;height:676px\" width=\"496\" height=\"676\" srcset=\"https:\/\/tietu.fi\/wp-content\/uploads\/2023\/09\/sky-717631_1280-751x1024.jpg 751w, https:\/\/tietu.fi\/wp-content\/uploads\/2023\/09\/sky-717631_1280-220x300.jpg 220w, https:\/\/tietu.fi\/wp-content\/uploads\/2023\/09\/sky-717631_1280-768x1047.jpg 768w, https:\/\/tietu.fi\/wp-content\/uploads\/2023\/09\/sky-717631_1280.jpg 939w\" sizes=\"auto, (max-width: 496px) 100vw, 496px\" \/><\/figure>\n<\/div>","protected":false},"excerpt":{"rendered":"<p>Tietu ry &#8211; tietoa ja tukea riippuvuuksiin Tietu on poliittisista puolueista ja uskonnoista riippumaton yhdistys, jonka tarkoituksena on auttaa p\u00e4ihteiden k\u00e4ytt\u00e4ji\u00e4 p\u00e4\u00e4sem\u00e4\u00e4n irti, ja entisi\u00e4 k\u00e4ytt\u00e4ji\u00e4 pysym\u00e4\u00e4n erossa p\u00e4ihteist\u00e4. Tietun toiminnan perusidea on luoda ja s\u00e4ilytt\u00e4\u00e4 kontakti p\u00e4ihderiippuvaiseen. Toimintaan kuuluu tukiverkostojen luominen, tukihenkil\u00f6toiminta sek\u00e4 vertaisryhm\u00e4t. Yhdistyksen tavoitteena on luoda toimintamalleja, joita jatkuvasti kehitt\u00e4m\u00e4ll\u00e4 asiakkaita voidaan [&hellip;]<\/p>\n","protected":false},"author":1,"featured_media":0,"parent":0,"menu_order":0,"comment_status":"closed","ping_status":"closed","template":"","meta":{"footnotes":""},"class_list":["post-16","page","type-page","status-publish","hentry"],"_links":{"self":[{"href":"https:\/\/tietu.fi\/index.php\/wp-json\/wp\/v2\/pages\/16","targetHints":{"allow":["GET"]}}],"collection":[{"href":"https:\/\/tietu.fi\/index.php\/wp-json\/wp\/v2\/pages"}],"about":[{"href":"https:\/\/tietu.fi\/index.php\/wp-json\/wp\/v2\/types\/page"}],"author":[{"embeddable":true,"href":"https:\/\/tietu.fi\/index.php\/wp-json\/wp\/v2\/users\/1"}],"replies":[{"embeddable":true,"href":"https:\/\/tietu.fi\/index.php\/wp-json\/wp\/v2\/comments?post=16"}],"version-history":[{"count":9,"href":"https:\/\/tietu.fi\/index.php\/wp-json\/wp\/v2\/pages\/16\/revisions"}],"predecessor-version":[{"id":105,"href":"https:\/\/tietu.fi\/index.php\/wp-json\/wp\/v2\/pages\/16\/revisions\/105"}],"wp:attachment":[{"href":"https:\/\/tietu.fi\/index.php\/wp-json\/wp\/v2\/media?parent=16"}],"curies":[{"name":"wp","href":"https:\/\/api.w.org\/{rel}","templated":true}]}}